{"id":156,"date":"2023-03-27T11:16:14","date_gmt":"2023-03-27T10:16:14","guid":{"rendered":"https:\/\/www.ifmpan.poznan.pl\/ptf-2023\/?page_id=156"},"modified":"2023-08-30T14:19:18","modified_gmt":"2023-08-30T13:19:18","slug":"powitanie","status":"publish","type":"page","link":"https:\/\/www.ifmpan.poznan.pl\/krysztalki2023\/powitanie\/","title":{"rendered":"Powitanie"},"content":{"rendered":"\n<p class=\"has-text-align-left\"><strong>Og\u00f3lnopolska Konferencja Kryszta\u0142ki Molekularne<\/strong>\u00a0pierwszy raz zosta\u0142a zorganizowana we wrze\u015bniu 2011 roku we Wroc\u0142awiu. Od tego czasu konferencja odbywa si\u0119 w dwuletnim cyklu i jest adresowana do m\u0142odych naukowc\u00f3w z fizyki, chemii i in\u017cynierii materia\u0142owej. Nawi\u0105zuje ona tradycj\u0105 do Og\u00f3lnopolskiej Konferencji Kryszta\u0142y Molekularne, kt\u00f3rej pocz\u0105tki si\u0119gaj\u0105 1977 roku. Celem Konferencji Kryszta\u0142ki Molekularne jest przekazanie wiedzy oraz wymiana do\u015bwiadcze\u0144 w zakresie bada\u0144 kryszta\u0142\u00f3w molekularnych, ciek\u0142ych kryszta\u0142\u00f3w, polimer\u00f3w, szkie\u0142 molekularnych, kompozyt\u00f3w, nanokompozyt\u00f3w, nanocz\u0105stek i pojedynczych moleku\u0142. Poza mo\u017cliwo\u015bci\u0105 wys\u0142uchania serii interesuj\u0105cych wyk\u0142ad\u00f3w, uczestnicy maj\u0105 okazj\u0119 zaprezentowa\u0107 swoje dotychczasowe dokonania w postaci komunikat\u00f3w ustnych oraz w ramach sesji plakatowej. Najlepsze prace zostan\u0105 nagrodzone przez Oddzia\u0142 Pozna\u0144ski Polskiego Towarzystwa Fizycznego<strong>*<\/strong>. Serdecznie zapraszamy na<strong> VII Og\u00f3lnopolsk\u0105 Konferencj\u0119 Kryszta\u0142ki Molekularne<\/strong>, kt\u00f3ra odb\u0119dzie si\u0119 w dniach <strong>13-15 wrze\u015bnia 2023<\/strong> roku w <strong>Instytucie Fizyki Molekularnej Polskiej Akademii Nauk <\/strong>w Poznaniu.<\/p>\n\n\n\n<p class=\"has-text-align-center has-medium-font-size\" style=\"text-transform:uppercase\"><strong>Patronat Honorowy<\/strong><\/p>\n\n\n\n<figure class=\"wp-block-image aligncenter size-large is-resized\"><a href=\"https:\/\/www.ptf.net.pl\/poznan\"><img loading=\"lazy\" decoding=\"async\" src=\"https:\/\/www.ifmpan.poznan.pl\/krysztalki2023\/wp-content\/uploads\/2023\/03\/logo_poznan-1024x219.png\" alt=\"\" class=\"wp-image-181\" style=\"width:512px;height:110px\" width=\"512\" height=\"110\" srcset=\"https:\/\/www.ifmpan.poznan.pl\/krysztalki2023\/wp-content\/uploads\/2023\/03\/logo_poznan-1024x219.png 1024w, https:\/\/www.ifmpan.poznan.pl\/krysztalki2023\/wp-content\/uploads\/2023\/03\/logo_poznan-300x64.png 300w, https:\/\/www.ifmpan.poznan.pl\/krysztalki2023\/wp-content\/uploads\/2023\/03\/logo_poznan-768x164.png 768w, https:\/\/www.ifmpan.poznan.pl\/krysztalki2023\/wp-content\/uploads\/2023\/03\/logo_poznan-1536x329.png 1536w, https:\/\/www.ifmpan.poznan.pl\/krysztalki2023\/wp-content\/uploads\/2023\/03\/logo_poznan-2048x438.png 2048w\" sizes=\"auto, (max-width: 512px) 100vw, 512px\" \/><\/a><\/figure>\n\n\n\n<figure class=\"wp-block-image aligncenter size-large is-resized\"><a href=\"https:\/\/phys.put.poznan.pl\/\"><img loading=\"lazy\" decoding=\"async\" src=\"https:\/\/www.ifmpan.poznan.pl\/krysztalki2023\/wp-content\/uploads\/2023\/06\/logo_wydzialu-1024x302.png\" alt=\"\" class=\"wp-image-508\" style=\"width:512px;height:151px\" width=\"512\" height=\"151\" srcset=\"https:\/\/www.ifmpan.poznan.pl\/krysztalki2023\/wp-content\/uploads\/2023\/06\/logo_wydzialu-1024x302.png 1024w, https:\/\/www.ifmpan.poznan.pl\/krysztalki2023\/wp-content\/uploads\/2023\/06\/logo_wydzialu-300x88.png 300w, https:\/\/www.ifmpan.poznan.pl\/krysztalki2023\/wp-content\/uploads\/2023\/06\/logo_wydzialu-768x226.png 768w, https:\/\/www.ifmpan.poznan.pl\/krysztalki2023\/wp-content\/uploads\/2023\/06\/logo_wydzialu.png 1269w\" sizes=\"auto, (max-width: 512px) 100vw, 512px\" \/><\/a><\/figure>\n\n\n\n<p><strong>*<\/strong> <a href=\"https:\/\/www.ifmpan.poznan.pl\/krysztalki2023\/wp-content\/uploads\/2023\/08\/Regulamin-OP-PTF.pdf\" data-type=\"link\" data-id=\"https:\/\/www.ifmpan.poznan.pl\/krysztalki2023\/wp-content\/uploads\/2023\/08\/Regulamin-OP-PTF.pdf\">Regulamin konkursu i oceny prezentacji ustnych Konferencji Kryszta\u0142ki Molekularne&#8217;23<\/a><\/p>\n","protected":false},"excerpt":{"rendered":"<p>Og\u00f3lnopolska Konferencja Kryszta\u0142ki Molekularne\u00a0pierwszy raz zosta\u0142a zorganizowana we wrze\u015bniu 2011 roku we Wroc\u0142awiu. Od tego czasu konferencja odbywa si\u0119 w dwuletnim cyklu i jest adresowana do m\u0142odych naukowc\u00f3w z fizyki, chemii i in\u017cynierii materia\u0142owej. Nawi\u0105zuje ona tradycj\u0105 do Og\u00f3lnopolskiej Konferencji Kryszta\u0142y Molekularne, kt\u00f3rej pocz\u0105tki si\u0119gaj\u0105 1977 roku. Celem Konferencji Kryszta\u0142ki Molekularne jest przekazanie wiedzy oraz &hellip;<\/p>\n<p class=\"read-more\"> <a class=\"\" href=\"https:\/\/www.ifmpan.poznan.pl\/krysztalki2023\/powitanie\/\"> <span class=\"screen-reader-text\">Powitanie<\/span> Read More &raquo;<\/a><\/p>\n","protected":false},"author":2,"featured_media":0,"parent":0,"menu_order":0,"comment_status":"closed","ping_status":"closed","template":"","meta":{"_eb_attr":"","site-sidebar-layout":"default","site-content-layout":"default","ast-global-header-display":"","ast-main-header-display":"","ast-hfb-above-header-display":"","ast-hfb-below-header-display":"","ast-hfb-mobile-header-display":"","site-post-title":"disabled","ast-breadcrumbs-content":"","ast-featured-img":"","footer-sml-layout":"","theme-transparent-header-meta":"","adv-header-id-meta":"","stick-header-meta":"","header-above-stick-meta":"","header-main-stick-meta":"","header-below-stick-meta":"","footnotes":""},"class_list":["post-156","page","type-page","status-publish","hentry"],"_links":{"self":[{"href":"https:\/\/www.ifmpan.poznan.pl\/krysztalki2023\/wp-json\/wp\/v2\/pages\/156","targetHints":{"allow":["GET"]}}],"collection":[{"href":"https:\/\/www.ifmpan.poznan.pl\/krysztalki2023\/wp-json\/wp\/v2\/pages"}],"about":[{"href":"https:\/\/www.ifmpan.poznan.pl\/krysztalki2023\/wp-json\/wp\/v2\/types\/page"}],"author":[{"embeddable":true,"href":"https:\/\/www.ifmpan.poznan.pl\/krysztalki2023\/wp-json\/wp\/v2\/users\/2"}],"replies":[{"embeddable":true,"href":"https:\/\/www.ifmpan.poznan.pl\/krysztalki2023\/wp-json\/wp\/v2\/comments?post=156"}],"version-history":[{"count":36,"href":"https:\/\/www.ifmpan.poznan.pl\/krysztalki2023\/wp-json\/wp\/v2\/pages\/156\/revisions"}],"predecessor-version":[{"id":587,"href":"https:\/\/www.ifmpan.poznan.pl\/krysztalki2023\/wp-json\/wp\/v2\/pages\/156\/revisions\/587"}],"wp:attachment":[{"href":"https:\/\/www.ifmpan.poznan.pl\/krysztalki2023\/wp-json\/wp\/v2\/media?parent=156"}],"curies":[{"name":"wp","href":"https:\/\/api.w.org\/{rel}","templated":true}]}}