{"id":170,"date":"2023-03-27T11:26:49","date_gmt":"2023-03-27T10:26:49","guid":{"rendered":"https:\/\/www.ifmpan.poznan.pl\/ptf-2023\/?page_id=170"},"modified":"2023-09-18T09:08:12","modified_gmt":"2023-09-18T08:08:12","slug":"program-konferencji","status":"publish","type":"page","link":"https:\/\/www.ifmpan.poznan.pl\/krysztalki2023\/program-konferencji\/","title":{"rendered":"Program Konferencji"},"content":{"rendered":"\n<figure class=\"wp-block-image aligncenter size-large\"><a href=\"https:\/\/www.ifmpan.poznan.pl\/krysztalki2023\/wp-content\/uploads\/2023\/09\/Program.pdf\"><img decoding=\"async\" src=\"https:\/\/www.ifmpan.poznan.pl\/krysztalki2023\/wp-content\/uploads\/2023\/09\/program.png\" alt=\"\"\/><\/a><\/figure>\n\n\n\n<p class=\"has-text-align-center\"><strong>Dodatkowe informacje:<\/strong><br>Czas trwania wyst\u0105pie\u0144 ustnych &#8211; <strong>15<\/strong> min + <strong>5<\/strong> min na dyskusj\u0119;<br>Rozmiar tablic posterowych &#8211; <em>wys.<\/em> 100 cm, <em>szer.<\/em> 120 cm.<\/p>\n\n\n\n<p class=\"has-text-align-center has-medium-font-size\"><strong><a href=\"https:\/\/www.ifmpan.poznan.pl\/krysztalki2023\/wp-content\/uploads\/2023\/09\/KM2023-Ksiazka-Abstraktow.pdf\" data-type=\"link\" data-id=\"https:\/\/www.ifmpan.poznan.pl\/krysztalki2023\/wp-content\/uploads\/2023\/09\/KM2023-Ksiazka-Abstraktow.pdf\">Ksi\u0105\u017cka abstrakt\u00f3w w wersji .pdf<\/a><\/strong><\/p>\n","protected":false},"excerpt":{"rendered":"<p>Dodatkowe informacje:Czas trwania wyst\u0105pie\u0144 ustnych &#8211; 15 min + 5 min na dyskusj\u0119;Rozmiar tablic posterowych &#8211; wys. 100 cm, szer. 120 cm. Ksi\u0105\u017cka abstrakt\u00f3w w wersji .pdf<\/p>\n","protected":false},"author":2,"featured_media":0,"parent":0,"menu_order":0,"comment_status":"closed","ping_status":"closed","template":"","meta":{"_eb_attr":"","site-sidebar-layout":"default","site-content-layout":"default","ast-global-header-display":"","ast-main-header-display":"","ast-hfb-above-header-display":"","ast-hfb-below-header-display":"","ast-hfb-mobile-header-display":"","site-post-title":"","ast-breadcrumbs-content":"","ast-featured-img":"","footer-sml-layout":"","theme-transparent-header-meta":"","adv-header-id-meta":"","stick-header-meta":"","header-above-stick-meta":"","header-main-stick-meta":"","header-below-stick-meta":"","footnotes":""},"class_list":["post-170","page","type-page","status-publish","hentry"],"_links":{"self":[{"href":"https:\/\/www.ifmpan.poznan.pl\/krysztalki2023\/wp-json\/wp\/v2\/pages\/170","targetHints":{"allow":["GET"]}}],"collection":[{"href":"https:\/\/www.ifmpan.poznan.pl\/krysztalki2023\/wp-json\/wp\/v2\/pages"}],"about":[{"href":"https:\/\/www.ifmpan.poznan.pl\/krysztalki2023\/wp-json\/wp\/v2\/types\/page"}],"author":[{"embeddable":true,"href":"https:\/\/www.ifmpan.poznan.pl\/krysztalki2023\/wp-json\/wp\/v2\/users\/2"}],"replies":[{"embeddable":true,"href":"https:\/\/www.ifmpan.poznan.pl\/krysztalki2023\/wp-json\/wp\/v2\/comments?post=170"}],"version-history":[{"count":10,"href":"https:\/\/www.ifmpan.poznan.pl\/krysztalki2023\/wp-json\/wp\/v2\/pages\/170\/revisions"}],"predecessor-version":[{"id":600,"href":"https:\/\/www.ifmpan.poznan.pl\/krysztalki2023\/wp-json\/wp\/v2\/pages\/170\/revisions\/600"}],"wp:attachment":[{"href":"https:\/\/www.ifmpan.poznan.pl\/krysztalki2023\/wp-json\/wp\/v2\/media?parent=170"}],"curies":[{"name":"wp","href":"https:\/\/api.w.org\/{rel}","templated":true}]}}