{"id":200,"date":"2023-03-27T12:55:35","date_gmt":"2023-03-27T11:55:35","guid":{"rendered":"https:\/\/www.ifmpan.poznan.pl\/ptf-2023\/?page_id=200"},"modified":"2023-05-12T07:52:47","modified_gmt":"2023-05-12T06:52:47","slug":"kontakt-2","status":"publish","type":"page","link":"https:\/\/www.ifmpan.poznan.pl\/krysztalki2023\/kontakt-2\/","title":{"rendered":"Kontakt"},"content":{"rendered":"\n<p class=\"has-medium-font-size\"><strong>Przewodnicz\u0105cy Komitetu Organizacyjnego<\/strong><br>dr hab. Andrzej \u0141api\u0144ski, prof. IFM PAN<br>tel.: +48 61 869 5201<br>e-mail: <a href=\"mailto:office@ifmpan.poznan.pl\">lapinski@ifmpan.poznan.pl<\/a> <br><br><strong>Sekretarz<\/strong><br>dr in\u017c. Sylwia Zi\u0119ba<br>tel.: +48 61 869 5275<br>e-mail: <a href=\"mailto:krysztalki2023@ifmpan.poznan.pl\">krysztalki2023@ifmpan.poznan.pl<\/a><br><br><strong>Skarbnik<\/strong><br>dr hab. in\u017c. Kornelia Lewandowska<br>tel.: +48 61 869 5262<br>e-mail: <a href=\"mailto:krysztalki2023@ifmpan.poznan.pl\">krysztalki2023@ifmpan.poznan.pl<\/a><br><br><\/p>\n","protected":false},"excerpt":{"rendered":"<p>Przewodnicz\u0105cy Komitetu Organizacyjnegodr hab. Andrzej \u0141api\u0144ski, prof. IFM PANtel.: +48 61 869 5201e-mail: lapinski@ifmpan.poznan.pl Sekretarzdr in\u017c. Sylwia Zi\u0119batel.: +48 61 869 5275e-mail: krysztalki2023@ifmpan.poznan.pl Skarbnikdr hab. in\u017c. Kornelia Lewandowskatel.: +48 61 869 5262e-mail: krysztalki2023@ifmpan.poznan.pl<\/p>\n","protected":false},"author":2,"featured_media":0,"parent":0,"menu_order":0,"comment_status":"closed","ping_status":"closed","template":"","meta":{"_eb_attr":"","site-sidebar-layout":"default","site-content-layout":"default","ast-global-header-display":"","ast-main-header-display":"","ast-hfb-above-header-display":"","ast-hfb-below-header-display":"","ast-hfb-mobile-header-display":"","site-post-title":"","ast-breadcrumbs-content":"","ast-featured-img":"","footer-sml-layout":"","theme-transparent-header-meta":"","adv-header-id-meta":"","stick-header-meta":"","header-above-stick-meta":"","header-main-stick-meta":"","header-below-stick-meta":"","footnotes":""},"class_list":["post-200","page","type-page","status-publish","hentry"],"_links":{"self":[{"href":"https:\/\/www.ifmpan.poznan.pl\/krysztalki2023\/wp-json\/wp\/v2\/pages\/200","targetHints":{"allow":["GET"]}}],"collection":[{"href":"https:\/\/www.ifmpan.poznan.pl\/krysztalki2023\/wp-json\/wp\/v2\/pages"}],"about":[{"href":"https:\/\/www.ifmpan.poznan.pl\/krysztalki2023\/wp-json\/wp\/v2\/types\/page"}],"author":[{"embeddable":true,"href":"https:\/\/www.ifmpan.poznan.pl\/krysztalki2023\/wp-json\/wp\/v2\/users\/2"}],"replies":[{"embeddable":true,"href":"https:\/\/www.ifmpan.poznan.pl\/krysztalki2023\/wp-json\/wp\/v2\/comments?post=200"}],"version-history":[{"count":7,"href":"https:\/\/www.ifmpan.poznan.pl\/krysztalki2023\/wp-json\/wp\/v2\/pages\/200\/revisions"}],"predecessor-version":[{"id":490,"href":"https:\/\/www.ifmpan.poznan.pl\/krysztalki2023\/wp-json\/wp\/v2\/pages\/200\/revisions\/490"}],"wp:attachment":[{"href":"https:\/\/www.ifmpan.poznan.pl\/krysztalki2023\/wp-json\/wp\/v2\/media?parent=200"}],"curies":[{"name":"wp","href":"https:\/\/api.w.org\/{rel}","templated":true}]}}