{"id":232,"date":"2023-03-27T15:08:15","date_gmt":"2023-03-27T14:08:15","guid":{"rendered":"https:\/\/www.ifmpan.poznan.pl\/ptf-2023\/?page_id=232"},"modified":"2023-08-25T09:46:27","modified_gmt":"2023-08-25T08:46:27","slug":"miejsce-konferencji","status":"publish","type":"page","link":"https:\/\/www.ifmpan.poznan.pl\/krysztalki2023\/miejsce-konferencji\/","title":{"rendered":"Miejsce Konferencji"},"content":{"rendered":"\n<h3 class=\"wp-block-heading has-medium-font-size\"><a href=\"https:\/\/www.ifmpan.poznan.pl\/pl\/\">Instytut Fizyki Molekularnej Polskiej Akademii Nauk w Poznaniu<\/a><\/h3>\n\n\n\n<p class=\"has-medium-font-size\"><strong>ul.&nbsp;Mariana Smoluchowskiego&nbsp;17<\/strong>, <strong>60-179 Pozna\u0144<\/strong><\/p>\n\n\n\n<div class=\"wp-block-essential-blocks-google-map\"><div class=\"eb-parent-wrapper eb-parent-eb-google-map-4276yzf \"><div id=\"eb-google-map-4276yzf\" class=\"eb-google-map-4276yzf eb-google-map-wrapper\" data-map-type=\"roadmap\" data-map-zoom=\"17\" data-latitude=\"40.7127753\" data-longitude=\"-74.0059728\" data-search-address=\"New York, NY, USA\" data-marker=\"[{&quot;title&quot;:&quot;&quot;,&quot;location&quot;:&quot;Smoluchowskiego 17, 60-179 Pozna\u0144, Polska&quot;,&quot;latitude&quot;:&quot;52.3951071&quot;,&quot;longitude&quot;:&quot;16.8464176&quot;}]\" data-image-size=\"32\" style=\"height:400px\"><\/div><\/div><\/div>\n\n\n\n<div style=\"height:18px\" aria-hidden=\"true\" class=\"wp-block-spacer\"><\/div>\n\n\n\n<p class=\"has-text-align-left has-medium-font-size\"><strong>Dojazd do Instytutu Fizyki Molekularnej Polskiej Akademii Nauk w Poznaniu:<\/strong><br>Do Instytutu mo\u017cna dojecha\u0107 tramwajem linii numer: <a href=\"https:\/\/www.ztm.poznan.pl\/pl\/rozklad-jazdy\/1\">1<\/a>, <a href=\"https:\/\/www.ztm.poznan.pl\/pl\/rozklad-jazdy\/6\">6<\/a>, <a href=\"https:\/\/www.ztm.poznan.pl\/pl\/rozklad-jazdy\/15\">15<\/a><em> (przystanek Rondo Skubiszewskiego).<\/em> Dojazd <a href=\"http:\/\/jakdojade.pl?fn=Dworzec+PKP+Pozna%C5%84+G%C5%82%C3%B3wny&amp;fc=52.40221:16.9117&amp;tn=Smoluchowskiego+17&amp;tc=52.39515:16.84615&amp;ia=false&amp;t=0&amp;n=0&amp;ri=0&amp;cid=1000&amp;as=true&amp;aro=1\">z dworca kolejowego Pozna\u0144 G\u0142\u00f3wny<\/a> (linia nr 6), <a href=\"http:\/\/rozklad-pkp.pl\/\">rozk\u0142ad jazdy poci\u0105g\u00f3w PKP<\/a>, <a href=\"http:\/\/www.airport-poznan.com.pl\/pl\/polaczenia-lotnicze\/rozklad-lotow\">rozk\u0142ad lot\u00f3w z lotniska Pozna\u0144 &#8211; \u0141awica<\/a>.<\/p>\n\n\n\n<p class=\"has-medium-font-size\"><strong><mark style=\"background-color:rgba(0, 0, 0, 0)\" class=\"has-inline-color has-ast-global-color-8-color\">Zakwaterowanie<\/mark><\/strong><br>P\u0142atno\u015b\u0107 za zakwaterowanie w Domach Studenckich nale\u017cy dokona\u0107 we w\u0142asnym zakresie.<br><strong><a href=\"https:\/\/www.put.poznan.pl\/domy-studenckie\" data-type=\"URL\" data-id=\"https:\/\/www.put.poznan.pl\/domy-studenckie\">Domy Studenckie Politechniki Pozna\u0144skiej<\/a><\/strong><br><\/p>\n","protected":false},"excerpt":{"rendered":"<p>Instytut Fizyki Molekularnej Polskiej Akademii Nauk w Poznaniu ul.&nbsp;Mariana Smoluchowskiego&nbsp;17, 60-179 Pozna\u0144 Dojazd do Instytutu Fizyki Molekularnej Polskiej Akademii Nauk w Poznaniu:Do Instytutu mo\u017cna dojecha\u0107 tramwajem linii numer: 1, 6, 15 (przystanek Rondo Skubiszewskiego). Dojazd z dworca kolejowego Pozna\u0144 G\u0142\u00f3wny (linia nr 6), rozk\u0142ad jazdy poci\u0105g\u00f3w PKP, rozk\u0142ad lot\u00f3w z lotniska Pozna\u0144 &#8211; \u0141awica. ZakwaterowanieP\u0142atno\u015b\u0107 &hellip;<\/p>\n<p class=\"read-more\"> <a class=\"\" href=\"https:\/\/www.ifmpan.poznan.pl\/krysztalki2023\/miejsce-konferencji\/\"> <span class=\"screen-reader-text\">Miejsce Konferencji<\/span> Read More &raquo;<\/a><\/p>\n","protected":false},"author":2,"featured_media":0,"parent":0,"menu_order":0,"comment_status":"closed","ping_status":"closed","template":"","meta":{"_eb_attr":"","site-sidebar-layout":"default","site-content-layout":"default","ast-global-header-display":"","ast-main-header-display":"","ast-hfb-above-header-display":"","ast-hfb-below-header-display":"","ast-hfb-mobile-header-display":"","site-post-title":"disabled","ast-breadcrumbs-content":"","ast-featured-img":"","footer-sml-layout":"","theme-transparent-header-meta":"","adv-header-id-meta":"","stick-header-meta":"","header-above-stick-meta":"","header-main-stick-meta":"","header-below-stick-meta":"","footnotes":""},"class_list":["post-232","page","type-page","status-publish","hentry"],"_links":{"self":[{"href":"https:\/\/www.ifmpan.poznan.pl\/krysztalki2023\/wp-json\/wp\/v2\/pages\/232","targetHints":{"allow":["GET"]}}],"collection":[{"href":"https:\/\/www.ifmpan.poznan.pl\/krysztalki2023\/wp-json\/wp\/v2\/pages"}],"about":[{"href":"https:\/\/www.ifmpan.poznan.pl\/krysztalki2023\/wp-json\/wp\/v2\/types\/page"}],"author":[{"embeddable":true,"href":"https:\/\/www.ifmpan.poznan.pl\/krysztalki2023\/wp-json\/wp\/v2\/users\/2"}],"replies":[{"embeddable":true,"href":"https:\/\/www.ifmpan.poznan.pl\/krysztalki2023\/wp-json\/wp\/v2\/comments?post=232"}],"version-history":[{"count":35,"href":"https:\/\/www.ifmpan.poznan.pl\/krysztalki2023\/wp-json\/wp\/v2\/pages\/232\/revisions"}],"predecessor-version":[{"id":547,"href":"https:\/\/www.ifmpan.poznan.pl\/krysztalki2023\/wp-json\/wp\/v2\/pages\/232\/revisions\/547"}],"wp:attachment":[{"href":"https:\/\/www.ifmpan.poznan.pl\/krysztalki2023\/wp-json\/wp\/v2\/media?parent=232"}],"curies":[{"name":"wp","href":"https:\/\/api.w.org\/{rel}","templated":true}]}}