{"id":238,"date":"2023-03-27T15:13:00","date_gmt":"2023-03-27T14:13:00","guid":{"rendered":"https:\/\/www.ifmpan.poznan.pl\/ptf-2023\/?page_id=238"},"modified":"2023-05-12T07:52:10","modified_gmt":"2023-05-12T06:52:10","slug":"komitet-organizacyjny","status":"publish","type":"page","link":"https:\/\/www.ifmpan.poznan.pl\/krysztalki2023\/komitet-organizacyjny\/","title":{"rendered":"Komitet Organizacyjny"},"content":{"rendered":"\n<figure class=\"wp-block-image alignleft size-full is-resized\"><img loading=\"lazy\" decoding=\"async\" src=\"https:\/\/www.ifmpan.poznan.pl\/ptf-2023\/wp-content\/uploads\/2023\/03\/Andrzej.png\" alt=\"Przewodnicz\u0105cy Komitetu Organizacyjnego: dr hab. Andrzej \u0141api\u0144ski, prof. IFM PAN\" class=\"wp-image-300\" width=\"200\" height=\"200\" srcset=\"https:\/\/www.ifmpan.poznan.pl\/krysztalki2023\/wp-content\/uploads\/2023\/03\/Andrzej.png 400w, https:\/\/www.ifmpan.poznan.pl\/krysztalki2023\/wp-content\/uploads\/2023\/03\/Andrzej-300x300.png 300w, https:\/\/www.ifmpan.poznan.pl\/krysztalki2023\/wp-content\/uploads\/2023\/03\/Andrzej-150x150.png 150w\" sizes=\"auto, (max-width: 200px) 100vw, 200px\" \/><figcaption class=\"wp-element-caption\">Przewodnicz\u0105cy <br>dr hab. Andrzej \u0141api\u0144ski, prof. IFM PAN<\/figcaption><\/figure>\n\n\n\n<figure class=\"wp-block-image alignleft size-full is-resized\"><img loading=\"lazy\" decoding=\"async\" src=\"https:\/\/www.ifmpan.poznan.pl\/ptf-2023\/wp-content\/uploads\/2023\/03\/Sylwia.png\" alt=\"\" class=\"wp-image-298\" width=\"200\" height=\"200\" srcset=\"https:\/\/www.ifmpan.poznan.pl\/krysztalki2023\/wp-content\/uploads\/2023\/03\/Sylwia.png 400w, https:\/\/www.ifmpan.poznan.pl\/krysztalki2023\/wp-content\/uploads\/2023\/03\/Sylwia-300x300.png 300w, https:\/\/www.ifmpan.poznan.pl\/krysztalki2023\/wp-content\/uploads\/2023\/03\/Sylwia-150x150.png 150w\" sizes=\"auto, (max-width: 200px) 100vw, 200px\" \/><figcaption class=\"wp-element-caption\">Sekretarz <br>dr in\u017c. Sylwia Zi\u0119ba<\/figcaption><\/figure>\n\n\n\n<figure class=\"wp-block-image alignleft size-full is-resized has-custom-border\"><img loading=\"lazy\" decoding=\"async\" src=\"https:\/\/www.ifmpan.poznan.pl\/ptf-2023\/wp-content\/uploads\/2023\/03\/Kornelia.png\" alt=\"\" class=\"wp-image-297\" style=\"border-style:none;border-width:0px\" width=\"200\" height=\"200\" srcset=\"https:\/\/www.ifmpan.poznan.pl\/krysztalki2023\/wp-content\/uploads\/2023\/03\/Kornelia.png 400w, https:\/\/www.ifmpan.poznan.pl\/krysztalki2023\/wp-content\/uploads\/2023\/03\/Kornelia-300x300.png 300w, https:\/\/www.ifmpan.poznan.pl\/krysztalki2023\/wp-content\/uploads\/2023\/03\/Kornelia-150x150.png 150w\" sizes=\"auto, (max-width: 200px) 100vw, 200px\" \/><figcaption class=\"wp-element-caption\">Skarbnik<br>dr hab. in\u017c. Kornelia Lewandowska<\/figcaption><\/figure>\n\n\n\n<figure class=\"wp-block-image alignleft size-full is-resized\"><img loading=\"lazy\" decoding=\"async\" src=\"https:\/\/www.ifmpan.poznan.pl\/ptf-2023\/wp-content\/uploads\/2023\/04\/Bez_zdjecia_2.png\" alt=\"\" class=\"wp-image-355\" width=\"200\" height=\"200\" srcset=\"https:\/\/www.ifmpan.poznan.pl\/krysztalki2023\/wp-content\/uploads\/2023\/04\/Bez_zdjecia_2.png 400w, https:\/\/www.ifmpan.poznan.pl\/krysztalki2023\/wp-content\/uploads\/2023\/04\/Bez_zdjecia_2-300x300.png 300w, https:\/\/www.ifmpan.poznan.pl\/krysztalki2023\/wp-content\/uploads\/2023\/04\/Bez_zdjecia_2-150x150.png 150w\" sizes=\"auto, (max-width: 200px) 100vw, 200px\" \/><figcaption class=\"wp-element-caption\">prof. dr hab. Roman \u015awietlik<\/figcaption><\/figure>\n\n\n\n<figure class=\"wp-block-image alignleft size-full is-resized\"><img loading=\"lazy\" decoding=\"async\" src=\"https:\/\/www.ifmpan.poznan.pl\/ptf-2023\/wp-content\/uploads\/2023\/03\/Iwona.png\" alt=\"\" class=\"wp-image-296\" width=\"200\" height=\"200\" srcset=\"https:\/\/www.ifmpan.poznan.pl\/krysztalki2023\/wp-content\/uploads\/2023\/03\/Iwona.png 400w, https:\/\/www.ifmpan.poznan.pl\/krysztalki2023\/wp-content\/uploads\/2023\/03\/Iwona-300x300.png 300w, https:\/\/www.ifmpan.poznan.pl\/krysztalki2023\/wp-content\/uploads\/2023\/03\/Iwona-150x150.png 150w\" sizes=\"auto, (max-width: 200px) 100vw, 200px\" \/><figcaption class=\"wp-element-caption\">dr hab. Iwona Olejniczak<br><br><\/figcaption><\/figure>\n\n\n\n<figure class=\"wp-block-image alignleft size-full is-resized\"><img loading=\"lazy\" decoding=\"async\" src=\"https:\/\/www.ifmpan.poznan.pl\/ptf-2023\/wp-content\/uploads\/2023\/03\/Boleslaw.png\" alt=\"\" class=\"wp-image-295\" width=\"200\" height=\"200\" srcset=\"https:\/\/www.ifmpan.poznan.pl\/krysztalki2023\/wp-content\/uploads\/2023\/03\/Boleslaw.png 400w, https:\/\/www.ifmpan.poznan.pl\/krysztalki2023\/wp-content\/uploads\/2023\/03\/Boleslaw-300x300.png 300w, https:\/\/www.ifmpan.poznan.pl\/krysztalki2023\/wp-content\/uploads\/2023\/03\/Boleslaw-150x150.png 150w\" sizes=\"auto, (max-width: 200px) 100vw, 200px\" \/><figcaption class=\"wp-element-caption\">dr in\u017c. Boles\u0142aw Barszcz<br><br><\/figcaption><\/figure>\n\n\n\n<figure class=\"wp-block-image alignleft size-full is-resized\"><img loading=\"lazy\" decoding=\"async\" src=\"https:\/\/www.ifmpan.poznan.pl\/ptf-2023\/wp-content\/uploads\/2023\/03\/Arek.png\" alt=\"\" class=\"wp-image-301\" width=\"200\" height=\"200\" srcset=\"https:\/\/www.ifmpan.poznan.pl\/krysztalki2023\/wp-content\/uploads\/2023\/03\/Arek.png 400w, https:\/\/www.ifmpan.poznan.pl\/krysztalki2023\/wp-content\/uploads\/2023\/03\/Arek-300x300.png 300w, https:\/\/www.ifmpan.poznan.pl\/krysztalki2023\/wp-content\/uploads\/2023\/03\/Arek-150x150.png 150w\" sizes=\"auto, (max-width: 200px) 100vw, 200px\" \/><figcaption class=\"wp-element-caption\">dr Arkadiusz Fr\u0105ckowiak<\/figcaption><\/figure>\n\n\n\n<figure class=\"wp-block-image alignleft size-full is-resized\"><img loading=\"lazy\" decoding=\"async\" src=\"https:\/\/www.ifmpan.poznan.pl\/ptf-2023\/wp-content\/uploads\/2023\/03\/Adam.png\" alt=\"\" class=\"wp-image-299\" width=\"200\" height=\"200\" srcset=\"https:\/\/www.ifmpan.poznan.pl\/krysztalki2023\/wp-content\/uploads\/2023\/03\/Adam.png 400w, https:\/\/www.ifmpan.poznan.pl\/krysztalki2023\/wp-content\/uploads\/2023\/03\/Adam-300x300.png 300w, https:\/\/www.ifmpan.poznan.pl\/krysztalki2023\/wp-content\/uploads\/2023\/03\/Adam-150x150.png 150w\" sizes=\"auto, (max-width: 200px) 100vw, 200px\" \/><figcaption class=\"wp-element-caption\">dr in\u017c. Adam Mizera<\/figcaption><\/figure>\n","protected":false},"excerpt":{"rendered":"","protected":false},"author":2,"featured_media":0,"parent":0,"menu_order":0,"comment_status":"closed","ping_status":"closed","template":"","meta":{"_eb_attr":"","site-sidebar-layout":"default","site-content-layout":"default","ast-global-header-display":"","ast-main-header-display":"","ast-hfb-above-header-display":"","ast-hfb-below-header-display":"","ast-hfb-mobile-header-display":"","site-post-title":"","ast-breadcrumbs-content":"","ast-featured-img":"","footer-sml-layout":"","theme-transparent-header-meta":"","adv-header-id-meta":"","stick-header-meta":"","header-above-stick-meta":"","header-main-stick-meta":"","header-below-stick-meta":"","footnotes":""},"class_list":["post-238","page","type-page","status-publish","hentry"],"_links":{"self":[{"href":"https:\/\/www.ifmpan.poznan.pl\/krysztalki2023\/wp-json\/wp\/v2\/pages\/238","targetHints":{"allow":["GET"]}}],"collection":[{"href":"https:\/\/www.ifmpan.poznan.pl\/krysztalki2023\/wp-json\/wp\/v2\/pages"}],"about":[{"href":"https:\/\/www.ifmpan.poznan.pl\/krysztalki2023\/wp-json\/wp\/v2\/types\/page"}],"author":[{"embeddable":true,"href":"https:\/\/www.ifmpan.poznan.pl\/krysztalki2023\/wp-json\/wp\/v2\/users\/2"}],"replies":[{"embeddable":true,"href":"https:\/\/www.ifmpan.poznan.pl\/krysztalki2023\/wp-json\/wp\/v2\/comments?post=238"}],"version-history":[{"count":18,"href":"https:\/\/www.ifmpan.poznan.pl\/krysztalki2023\/wp-json\/wp\/v2\/pages\/238\/revisions"}],"predecessor-version":[{"id":489,"href":"https:\/\/www.ifmpan.poznan.pl\/krysztalki2023\/wp-json\/wp\/v2\/pages\/238\/revisions\/489"}],"wp:attachment":[{"href":"https:\/\/www.ifmpan.poznan.pl\/krysztalki2023\/wp-json\/wp\/v2\/media?parent=238"}],"curies":[{"name":"wp","href":"https:\/\/api.w.org\/{rel}","templated":true}]}}