{"id":244,"date":"2023-03-27T15:16:29","date_gmt":"2023-03-27T14:16:29","guid":{"rendered":"https:\/\/www.ifmpan.poznan.pl\/ptf-2023\/?page_id=244"},"modified":"2023-03-28T12:02:40","modified_gmt":"2023-03-28T11:02:40","slug":"honorowy-komitet-naukowy","status":"publish","type":"page","link":"https:\/\/www.ifmpan.poznan.pl\/krysztalki2023\/honorowy-komitet-naukowy\/","title":{"rendered":"Honorowy Komitet Naukowy"},"content":{"rendered":"\n<p class=\"has-medium-font-size\"><strong>Grzegorz B\u0105k<\/strong> &#8211; Politechnika \u0141\u00f3dzka<br><strong>Jan Godlewski<\/strong> &#8211; Politechnika Gda\u0144ska<br><strong>Jeremiasz K. Jeszka<\/strong> &#8211; Politechnika \u0141\u00f3dzka<br><strong>Boles\u0142aw Kozankiewicz<\/strong> &#8211; Instytut Fizyki PAN<br><strong>Bogdan Kuchta<\/strong> &#8211; Politechnika Wroc\u0142awska<br><strong>Tadeusz Luty<\/strong> &#8211; Politechnika Wroc\u0142awska<br><strong>Mieczys\u0142aw \u0141apkowski<\/strong> &#8211; Politechnika \u015al\u0105ska<br><strong>Andrzej Miniewicz<\/strong> &#8211; Politechnika Wroc\u0142awska<br><strong>Wojciech Nawrocik<\/strong> &#8211; Uniwersytet im. Adama Mickiewicza<br><strong>Piotr Petelenz<\/strong> &#8211; Uniwersytet Jagiello\u0144ski<br><strong>Adam Pro\u0144<\/strong> &#8211; Politechnika Warszawska<br><strong>Marek Samo\u0107<\/strong> &#8211; Politechnika Wroc\u0142awska<br><strong>Lucjan Sobczyk<\/strong> &#8211; Uniwersytet Wroc\u0142awski<br><strong>Juliusz Sworakowski<\/strong> &#8211; Politechnika Wroc\u0142awska<br><strong>Roman \u015awietlik<\/strong> &#8211; Instytut Fizyki Molekularnej PAN<br><strong>Jacek Ula\u0144ski<\/strong> &#8211; Politechnika \u0141\u00f3dzka<br><strong>Jacek Waluk <\/strong>&#8211; Instytut Chemii Fizycznej PAN<br><strong>Tadeusz Wasiuty\u0144ski<\/strong> &#8211; Instytut Fizyki J\u0105drowej PAN<br><strong>Danuta Wr\u00f3bel <\/strong>&#8211; Politechnika Pozna\u0144ska<br><strong>Ma\u0142gorzata Zag\u00f3rska<\/strong> &#8211; Politechnika Warszawska<br><strong>Piotr Zieli\u0144ski<\/strong> &#8211; Instytut Fizyki J\u0105drowej PAN<\/p>\n","protected":false},"excerpt":{"rendered":"<p>Grzegorz B\u0105k &#8211; Politechnika \u0141\u00f3dzkaJan Godlewski &#8211; Politechnika Gda\u0144skaJeremiasz K. Jeszka &#8211; Politechnika \u0141\u00f3dzkaBoles\u0142aw Kozankiewicz &#8211; Instytut Fizyki PANBogdan Kuchta &#8211; Politechnika Wroc\u0142awskaTadeusz Luty &#8211; Politechnika Wroc\u0142awskaMieczys\u0142aw \u0141apkowski &#8211; Politechnika \u015al\u0105skaAndrzej Miniewicz &#8211; Politechnika Wroc\u0142awskaWojciech Nawrocik &#8211; Uniwersytet im. Adama MickiewiczaPiotr Petelenz &#8211; Uniwersytet Jagiello\u0144skiAdam Pro\u0144 &#8211; Politechnika WarszawskaMarek Samo\u0107 &#8211; Politechnika Wroc\u0142awskaLucjan Sobczyk &#8211; &hellip;<\/p>\n<p class=\"read-more\"> <a class=\"\" href=\"https:\/\/www.ifmpan.poznan.pl\/krysztalki2023\/honorowy-komitet-naukowy\/\"> <span class=\"screen-reader-text\">Honorowy Komitet Naukowy<\/span> Read More &raquo;<\/a><\/p>\n","protected":false},"author":2,"featured_media":0,"parent":0,"menu_order":0,"comment_status":"closed","ping_status":"closed","template":"","meta":{"_eb_attr":"","site-sidebar-layout":"default","site-content-layout":"default","ast-global-header-display":"","ast-main-header-display":"","ast-hfb-above-header-display":"","ast-hfb-below-header-display":"","ast-hfb-mobile-header-display":"","site-post-title":"","ast-breadcrumbs-content":"","ast-featured-img":"","footer-sml-layout":"","theme-transparent-header-meta":"","adv-header-id-meta":"","stick-header-meta":"","header-above-stick-meta":"","header-main-stick-meta":"","header-below-stick-meta":"","footnotes":""},"class_list":["post-244","page","type-page","status-publish","hentry"],"_links":{"self":[{"href":"https:\/\/www.ifmpan.poznan.pl\/krysztalki2023\/wp-json\/wp\/v2\/pages\/244","targetHints":{"allow":["GET"]}}],"collection":[{"href":"https:\/\/www.ifmpan.poznan.pl\/krysztalki2023\/wp-json\/wp\/v2\/pages"}],"about":[{"href":"https:\/\/www.ifmpan.poznan.pl\/krysztalki2023\/wp-json\/wp\/v2\/types\/page"}],"author":[{"embeddable":true,"href":"https:\/\/www.ifmpan.poznan.pl\/krysztalki2023\/wp-json\/wp\/v2\/users\/2"}],"replies":[{"embeddable":true,"href":"https:\/\/www.ifmpan.poznan.pl\/krysztalki2023\/wp-json\/wp\/v2\/comments?post=244"}],"version-history":[{"count":2,"href":"https:\/\/www.ifmpan.poznan.pl\/krysztalki2023\/wp-json\/wp\/v2\/pages\/244\/revisions"}],"predecessor-version":[{"id":271,"href":"https:\/\/www.ifmpan.poznan.pl\/krysztalki2023\/wp-json\/wp\/v2\/pages\/244\/revisions\/271"}],"wp:attachment":[{"href":"https:\/\/www.ifmpan.poznan.pl\/krysztalki2023\/wp-json\/wp\/v2\/media?parent=244"}],"curies":[{"name":"wp","href":"https:\/\/api.w.org\/{rel}","templated":true}]}}