{"id":246,"date":"2023-03-27T15:18:14","date_gmt":"2023-03-27T14:18:14","guid":{"rendered":"https:\/\/www.ifmpan.poznan.pl\/ptf-2023\/?page_id=246"},"modified":"2023-03-28T12:02:53","modified_gmt":"2023-03-28T11:02:53","slug":"komitet-naukowy","status":"publish","type":"page","link":"https:\/\/www.ifmpan.poznan.pl\/krysztalki2023\/komitet-naukowy\/","title":{"rendered":"Komitet Naukowy"},"content":{"rendered":"\n<p class=\"has-medium-font-size\"><strong>Micha\u0142 Banaszak<\/strong> \u2013 Uniwersytet im. Adama Mickiewicza<br><strong>Stanis\u0142aw Bartkiewicz<\/strong> \u2013 Politechnika Wroc\u0142awska<br><strong>Andrzej Budziak<\/strong> \u2013 AGH Krak\u00f3w<br><strong>Piotr Bujak <\/strong>\u2013 Politechnika Warszawska<br><strong>Przemys\u0142aw Data<\/strong> \u2013 Politechnika \u015al\u0105ska; Durham University<br><strong>Alina Dudkowiak<\/strong> \u2013 Politechnika Pozna\u0144ska<br><strong>Andrzej Eilmes<\/strong> \u2013 Uniwersytet Jagiello\u0144ski<br><strong>Ewa Gondek<\/strong> \u2013 Politechnika Krakowska<br><strong>Jaros\u0142aw Jung<\/strong> \u2013 Politechnika \u0141\u00f3dzka<br><strong>Ewa Juszy\u0144ska-Ga\u0142\u0105zka<\/strong> \u2013 Instytut Fizyki J\u0105drowej PAN<br><strong>Irena Kulszewicz-Bajer<\/strong> \u2013 Politechnika Warszawska<br><strong>Andrzej \u0141api\u0144ski <\/strong>\u2013 Instytut Fizyki Molekularnej PAN<br><strong>Beata \u0141uszczy\u0144ska<\/strong> \u2013 Politechnika \u0141\u00f3dzka<br><strong>Ma\u0142gorzata Makowska-Janusik<\/strong> \u2013 Uniwersytet Humanistyczno-Przyrodniczy im. J. D\u0142ugosza w Cz\u0119stochowie<br><strong>Katarzyna Matczyszyn<\/strong> \u2013 Politechnika Wroc\u0142awska<br><strong>Olaf Morawski<\/strong> \u2013 Instytut Fizyki PAN<br><strong>Marcin Nyk<\/strong> \u2013 Politechnika Wroc\u0142awska<br><strong>Andrzej Sobolewski<\/strong> \u2013 Instytut Fizyki PAN<br><strong>Waldemar Stampor<\/strong> \u2013 Politechnika Gda\u0144ska<\/p>\n","protected":false},"excerpt":{"rendered":"<p>Micha\u0142 Banaszak \u2013 Uniwersytet im. Adama MickiewiczaStanis\u0142aw Bartkiewicz \u2013 Politechnika Wroc\u0142awskaAndrzej Budziak \u2013 AGH Krak\u00f3wPiotr Bujak \u2013 Politechnika WarszawskaPrzemys\u0142aw Data \u2013 Politechnika \u015al\u0105ska; Durham UniversityAlina Dudkowiak \u2013 Politechnika Pozna\u0144skaAndrzej Eilmes \u2013 Uniwersytet Jagiello\u0144skiEwa Gondek \u2013 Politechnika KrakowskaJaros\u0142aw Jung \u2013 Politechnika \u0141\u00f3dzkaEwa Juszy\u0144ska-Ga\u0142\u0105zka \u2013 Instytut Fizyki J\u0105drowej PANIrena Kulszewicz-Bajer \u2013 Politechnika WarszawskaAndrzej \u0141api\u0144ski \u2013 Instytut Fizyki &hellip;<\/p>\n<p class=\"read-more\"> <a class=\"\" href=\"https:\/\/www.ifmpan.poznan.pl\/krysztalki2023\/komitet-naukowy\/\"> <span class=\"screen-reader-text\">Komitet Naukowy<\/span> Read More &raquo;<\/a><\/p>\n","protected":false},"author":2,"featured_media":0,"parent":0,"menu_order":0,"comment_status":"closed","ping_status":"closed","template":"","meta":{"_eb_attr":"","site-sidebar-layout":"default","site-content-layout":"default","ast-global-header-display":"","ast-main-header-display":"","ast-hfb-above-header-display":"","ast-hfb-below-header-display":"","ast-hfb-mobile-header-display":"","site-post-title":"","ast-breadcrumbs-content":"","ast-featured-img":"","footer-sml-layout":"","theme-transparent-header-meta":"","adv-header-id-meta":"","stick-header-meta":"","header-above-stick-meta":"","header-main-stick-meta":"","header-below-stick-meta":"","footnotes":""},"class_list":["post-246","page","type-page","status-publish","hentry"],"_links":{"self":[{"href":"https:\/\/www.ifmpan.poznan.pl\/krysztalki2023\/wp-json\/wp\/v2\/pages\/246","targetHints":{"allow":["GET"]}}],"collection":[{"href":"https:\/\/www.ifmpan.poznan.pl\/krysztalki2023\/wp-json\/wp\/v2\/pages"}],"about":[{"href":"https:\/\/www.ifmpan.poznan.pl\/krysztalki2023\/wp-json\/wp\/v2\/types\/page"}],"author":[{"embeddable":true,"href":"https:\/\/www.ifmpan.poznan.pl\/krysztalki2023\/wp-json\/wp\/v2\/users\/2"}],"replies":[{"embeddable":true,"href":"https:\/\/www.ifmpan.poznan.pl\/krysztalki2023\/wp-json\/wp\/v2\/comments?post=246"}],"version-history":[{"count":2,"href":"https:\/\/www.ifmpan.poznan.pl\/krysztalki2023\/wp-json\/wp\/v2\/pages\/246\/revisions"}],"predecessor-version":[{"id":272,"href":"https:\/\/www.ifmpan.poznan.pl\/krysztalki2023\/wp-json\/wp\/v2\/pages\/246\/revisions\/272"}],"wp:attachment":[{"href":"https:\/\/www.ifmpan.poznan.pl\/krysztalki2023\/wp-json\/wp\/v2\/media?parent=246"}],"curies":[{"name":"wp","href":"https:\/\/api.w.org\/{rel}","templated":true}]}}