{"id":3,"date":"2023-01-28T17:32:57","date_gmt":"2023-01-28T17:32:57","guid":{"rendered":"https:\/\/www.ifmpan.poznan.pl\/ptf-2023\/?page_id=3"},"modified":"2023-04-18T09:53:06","modified_gmt":"2023-04-18T08:53:06","slug":"privacy-policy","status":"publish","type":"page","link":"https:\/\/www.ifmpan.poznan.pl\/krysztalki2023\/privacy-policy\/","title":{"rendered":"Polityka prywatno\u015bci"},"content":{"rendered":"\n<p>Instytut Fizyki Molekularnej Polskiej Akademii Nauk z siedzib\u0105 przy ul. Smoluchowskiego 17 w Poznaniu, przestrzega zasad prywatno\u015bci os\u00f3b fizycznych korzystaj\u0105cych ze strony internetowej dzia\u0142aj\u0105cej pod adresem www.ifmpan.poznan.pl<\/p>\n\n\n\n<h3 class=\"wp-block-heading\">Jakie dane osobowe zbieramy?<\/h3>\n\n\n\n<p><strong>Dane zbierane automatycznie<\/strong><\/p>\n\n\n\n<p>Podczas wizyty na naszej stronie internetowej, automatycznie zbierane s\u0105 dane odwiedzaj\u0105cego dotycz\u0105ce adresu IP, nazwy domeny, typu u\u017cywanej przegl\u0105darki, systemu operacyjnego itp.<\/p>\n\n\n\n<p><strong>Dane zbierane podczas rejestracji<\/strong><\/p>\n\n\n\n<p>Cz\u0119\u015b\u0107 witryny umo\u017cliwiaj\u0105ca rejestracj\u0119 uczestnik\u00f3w konferencji wymaga zebrania takich danych jak adres mailowy, imi\u0119, nazwisko, tytu\u0142 naukowy itp.<\/p>\n\n\n\n<p><strong>Dane zbierane, gdy kontaktujesz si\u0119 z nami<\/strong><\/p>\n\n\n\n<p>Gdy kontaktujesz si\u0119 z nami za pomoc\u0105 poczty elektronicznej, strony internetowej itp. przekazujesz nam dane takie, jak imi\u0119, nazwisko, adres email, itp.<\/p>\n\n\n\n<h3 class=\"wp-block-heading\">W jaki spos\u00f3b wykorzystujemy zgromadzone dane?<\/h3>\n\n\n\n<p>Dane zbierane automatycznie mog\u0105 by\u0107 u\u017cyte do personalizacji zawarto\u015bci naszych stron internetowych (np. wyboru j\u0119zyka witryny), analizy rodzaju informacji wyszukiwanej na naszej stronie internetowej itp.<\/p>\n\n\n\n<p>Dane zbierane podczas rejestracji na konferencj\u0119 b\u0119d\u0105 wykorzystywane jedynie do potrzeb zwi\u0105zanych z organizacj\u0105 konferencji i powiadomie\u0144 uczestnik\u00f3w.<\/p>\n\n\n\n<p>Dane zbierane w trakcie korespondencji email b\u0119d\u0105 wykorzystane wy\u0142\u0105cznie w celu utrzymania komunikacji elektronicznej.<\/p>\n\n\n\n<p>W przypadku kontroli Generalnego Inspektoratu Ochrony Danych Osobowych, dane u\u017cytkownik\u00f3w naszego systemu mog\u0105 zosta\u0107 udost\u0119pnione pracownikom Inspektoratu zgodnie z ustaw\u0105 o ochronie danych osobowych.<\/p>\n\n\n\n<p>W przypadku naruszenia zasad korzystania z naszego serwisu, naruszenia prawa, lub gdy b\u0119d\u0105 wymaga\u0142y tego inne przepisy prawa, zastrzegamy sobie mo\u017cliwo\u015b\u0107 przekazania uprawnionym instytucjom danych osoby, kt\u00f3rej wymienione zdarzenie dotyczy.<\/p>\n\n\n\n<p>W \u017cadnym wypadku nie b\u0119dziemy udost\u0119pniali zebranych danych innym podmiotom trzecim, w szczeg\u00f3lno\u015bci podmiotom prowadz\u0105cym dzia\u0142alno\u015b\u0107 komercyjn\u0105.<\/p>\n\n\n\n<h3 class=\"wp-block-heading\">W jaki spos\u00f3b mo\u017cna poinformowa\u0107 nas o zmianie danych?<\/h3>\n\n\n\n<p>Dane zebrane w procesie korespondencji lub rejestracji mog\u0105 by\u0107 na \u017cyczenie przekazane nam poprzez email usuni\u0119te lub zmienione na dane aktualne. Danych zbieranych automatycznie nie da si\u0119 zmieni\u0107 ani usun\u0105\u0107.<\/p>\n\n\n\n<h3 class=\"wp-block-heading\">Pliki cookies<\/h3>\n\n\n\n<p>Informacje o plikach cookies znajdziesz pod adresem: <a href=\"https:\/\/www.ifmpan.poznan.pl\/krysztalki2023\/polityka-plikow-cookies-eu\/\" data-type=\"page\" data-id=\"442\">Polityka plik\u00f3w cookies (EU)<\/a><\/p>\n\n\n\n<h3 class=\"wp-block-heading\">Odno\u015bniki do innych stron<\/h3>\n\n\n\n<p>Serwis IFM PAN zawiera odno\u015bniki do innych stron WWW, kt\u00f3re nie s\u0105 przez nas zarz\u0105dzane. Nie ponosimy odpowiedzialno\u015bci za zasady zachowania prywatno\u015bci obowi\u0105zuj\u0105ce na tych stronach i namawiamy, by zapozna\u0107 si\u0119 z ustalon\u0105 tam polityk\u0105 prywatno\u015bci.<\/p>\n\n\n\n<h3 class=\"wp-block-heading\">W jaki spos\u00f3b zabezpieczamy zebrane dane?<\/h3>\n\n\n\n<p>Nasze bazy danych zabezpieczone s\u0105 przed wgl\u0105dem os\u00f3b trzecich.<\/p>\n\n\n\n<h3 class=\"wp-block-heading\">Zmiany naszej polityki prywatno\u015bci.<\/h3>\n\n\n\n<p>Zastrzegamy sobie prawo zmiany powy\u017cszej polityki prywatno\u015bci poprzez opublikowanie nowej polityki prywatno\u015bci na tej stronie. Nowa polityka prywatno\u015bci wchodzi w \u017cycie wraz z jej opublikowaniem.<\/p>\n\n\n\n<h3 class=\"wp-block-heading\">Kontakt<\/h3>\n\n\n\n<p>Dane zbierane s\u0105 przez Instytut Fizyki Molekularnej Polskiej Akademii Nauk z siedzib\u0105 przy ul. Smoluchowskiego 17 w Poznaniu.<\/p>\n\n\n\n<p>W razie dodatkowych pyta\u0144 dotycz\u0105cych ochrony prywatno\u015bci, prosimy o kontakt mailowy: <a href=\"mailto:webmaster@ifmpan.poznan.pl\">webmaster@ifmpan.poznan.pl<\/a>.<\/p>\n","protected":false},"excerpt":{"rendered":"<p>Instytut Fizyki Molekularnej Polskiej Akademii Nauk z siedzib\u0105 przy ul. Smoluchowskiego 17 w Poznaniu, przestrzega zasad prywatno\u015bci os\u00f3b fizycznych korzystaj\u0105cych ze strony internetowej dzia\u0142aj\u0105cej pod adresem www.ifmpan.poznan.pl Jakie dane osobowe zbieramy? Dane zbierane automatycznie Podczas wizyty na naszej stronie internetowej, automatycznie zbierane s\u0105 dane odwiedzaj\u0105cego dotycz\u0105ce adresu IP, nazwy domeny, typu u\u017cywanej przegl\u0105darki, systemu operacyjnego &hellip;<\/p>\n<p class=\"read-more\"> <a class=\"\" href=\"https:\/\/www.ifmpan.poznan.pl\/krysztalki2023\/privacy-policy\/\"> <span class=\"screen-reader-text\">Polityka prywatno\u015bci<\/span> Read More &raquo;<\/a><\/p>\n","protected":false},"author":1,"featured_media":0,"parent":0,"menu_order":0,"comment_status":"closed","ping_status":"open","template":"","meta":{"_eb_attr":"","site-sidebar-layout":"default","site-content-layout":"default","ast-global-header-display":"","ast-main-header-display":"","ast-hfb-above-header-display":"","ast-hfb-below-header-display":"","ast-hfb-mobile-header-display":"","site-post-title":"","ast-breadcrumbs-content":"","ast-featured-img":"","footer-sml-layout":"","theme-transparent-header-meta":"","adv-header-id-meta":"","stick-header-meta":"","header-above-stick-meta":"","header-main-stick-meta":"","header-below-stick-meta":"","footnotes":""},"class_list":["post-3","page","type-page","status-publish","hentry"],"_links":{"self":[{"href":"https:\/\/www.ifmpan.poznan.pl\/krysztalki2023\/wp-json\/wp\/v2\/pages\/3","targetHints":{"allow":["GET"]}}],"collection":[{"href":"https:\/\/www.ifmpan.poznan.pl\/krysztalki2023\/wp-json\/wp\/v2\/pages"}],"about":[{"href":"https:\/\/www.ifmpan.poznan.pl\/krysztalki2023\/wp-json\/wp\/v2\/types\/page"}],"author":[{"embeddable":true,"href":"https:\/\/www.ifmpan.poznan.pl\/krysztalki2023\/wp-json\/wp\/v2\/users\/1"}],"replies":[{"embeddable":true,"href":"https:\/\/www.ifmpan.poznan.pl\/krysztalki2023\/wp-json\/wp\/v2\/comments?post=3"}],"version-history":[{"count":6,"href":"https:\/\/www.ifmpan.poznan.pl\/krysztalki2023\/wp-json\/wp\/v2\/pages\/3\/revisions"}],"predecessor-version":[{"id":452,"href":"https:\/\/www.ifmpan.poznan.pl\/krysztalki2023\/wp-json\/wp\/v2\/pages\/3\/revisions\/452"}],"wp:attachment":[{"href":"https:\/\/www.ifmpan.poznan.pl\/krysztalki2023\/wp-json\/wp\/v2\/media?parent=3"}],"curies":[{"name":"wp","href":"https:\/\/api.w.org\/{rel}","templated":true}]}}