{"id":448,"date":"2023-04-17T20:08:16","date_gmt":"2023-04-17T19:08:16","guid":{"rendered":"https:\/\/www.ifmpan.poznan.pl\/krysztalki2023\/newsletter\/"},"modified":"2023-04-20T13:41:03","modified_gmt":"2023-04-20T12:41:03","slug":"rejestracja","status":"publish","type":"page","link":"https:\/\/www.ifmpan.poznan.pl\/krysztalki2023\/rejestracja\/","title":{"rendered":"Rejestracja"},"content":{"rendered":"<p><div class=\"tnp tnp-subscription\">\n<form method=\"post\" action=\"https:\/\/www.ifmpan.poznan.pl\/krysztalki2023\/?na=s\">\n\n<input type=\"hidden\" name=\"nlang\" value=\"\"><div class=\"tnp-field tnp-field-firstname\"><label for=\"tnp-1\">Imi\u0119<\/label>\n<input class=\"tnp-name\" type=\"text\" name=\"nn\" id=\"tnp-1\" value=\"\" required><\/div>\n<div class=\"tnp-field tnp-field-surname\"><label for=\"tnp-2\">Nazwisko<\/label>\n<input class=\"tnp-surname\" type=\"text\" name=\"ns\" id=\"tnp-2\" value=\"\" required><\/div><div class=\"tnp-field tnp-field-email\"><label for=\"tnp-3\">Email<\/label>\n<input class=\"tnp-email\" type=\"email\" name=\"ne\" id=\"tnp-3\" value=\"\" required><\/div>\n<div class=\"tnp-field tnp-field-profile\"><label for=\"tnp-4\">Tytu\u0142 zawodowy \/ Stopie\u0144 naukowy <\/label>\n<select class=\"tnp-profile tnp-profile-1\" id=\"tnp-profile_1\" name=\"np1\" required><option value=\"\" selected disabled>tytul<\/option><option>brak stopnia<\/option><option>lic.<\/option><option>in\u017c.<\/option><option>mgr<\/option><option>mgr in\u017c.<\/option><option>dr<\/option><option>dr in\u017c.<\/option><option>dr hab.<\/option><option>dr hab. in\u017c.<\/option><option>prof.<\/option><\/select>\n<\/div>\n<div class=\"tnp-field tnp-field-profile\"><label for=\"tnp-5\">Uczelnia \/ Instytucja<\/label>\n<input class=\"tnp-profile tnp-profile-2\" id=\"tnp-profile_2\" type=\"text\" size=\"\" name=\"np2\" placeholder=\"uczelnia\" required><\/div>\n<div class=\"tnp-field tnp-field-profile\"><label for=\"tnp-6\">Rodzaj prezentacji<\/label>\n<select class=\"tnp-profile tnp-profile-3\" id=\"tnp-profile_3\" name=\"np3\" required><option value=\"\" selected disabled>prezentacja<\/option><option>brak<\/option><option>Prezentacja ustna<\/option><option>Prezentacja plakatowa<\/option><option>Prezentacja ustna oraz plakatowa<\/option><\/select>\n<\/div>\n<div class=\"tnp-field tnp-field-profile\"><label for=\"tnp-7\">Ograniczenia zwi\u0105zane z diet\u0105<\/label>\n<select class=\"tnp-profile tnp-profile-4\" id=\"tnp-profile_4\" name=\"np4\"><option value=\"\" selected disabled>dieta<\/option><option>brak<\/option><option>wegetaria\u0144ska<\/option><option>wega\u0144ska<\/option><option>bezglutenowa<\/option><\/select>\n<\/div>\n<div class=\"tnp-field tnp-privacy-field\"><label><input type=\"checkbox\" name=\"ny\" required class=\"tnp-privacy\"> <a target=\"_blank\" href=\"https:\/\/www.ifmpan.poznan.pl\/krysztalki2023\/privacy-policy\/\">Przechodz\u0105c dalej, akceptujesz polityk\u0119 prywatno\u015bci<\/a><\/label><\/div><div class=\"tnp-field tnp-field-button\"><input class=\"tnp-submit\" type=\"submit\" value=\"Zarejestruj si\u0119\" >\n<\/div>\n<\/form>\n<\/div>\n<\/p>\n","protected":false},"excerpt":{"rendered":"","protected":false},"author":1,"featured_media":0,"parent":0,"menu_order":0,"comment_status":"closed","ping_status":"closed","template":"","meta":{"_eb_attr":"","site-sidebar-layout":"default","site-content-layout":"default","ast-global-header-display":"","ast-main-header-display":"","ast-hfb-above-header-display":"","ast-hfb-below-header-display":"","ast-hfb-mobile-header-display":"","site-post-title":"","ast-breadcrumbs-content":"","ast-featured-img":"","footer-sml-layout":"","theme-transparent-header-meta":"","adv-header-id-meta":"","stick-header-meta":"","header-above-stick-meta":"","header-main-stick-meta":"","header-below-stick-meta":"","footnotes":""},"class_list":["post-448","page","type-page","status-publish","hentry"],"_links":{"self":[{"href":"https:\/\/www.ifmpan.poznan.pl\/krysztalki2023\/wp-json\/wp\/v2\/pages\/448","targetHints":{"allow":["GET"]}}],"collection":[{"href":"https:\/\/www.ifmpan.poznan.pl\/krysztalki2023\/wp-json\/wp\/v2\/pages"}],"about":[{"href":"https:\/\/www.ifmpan.poznan.pl\/krysztalki2023\/wp-json\/wp\/v2\/types\/page"}],"author":[{"embeddable":true,"href":"https:\/\/www.ifmpan.poznan.pl\/krysztalki2023\/wp-json\/wp\/v2\/users\/1"}],"replies":[{"embeddable":true,"href":"https:\/\/www.ifmpan.poznan.pl\/krysztalki2023\/wp-json\/wp\/v2\/comments?post=448"}],"version-history":[{"count":1,"href":"https:\/\/www.ifmpan.poznan.pl\/krysztalki2023\/wp-json\/wp\/v2\/pages\/448\/revisions"}],"predecessor-version":[{"id":482,"href":"https:\/\/www.ifmpan.poznan.pl\/krysztalki2023\/wp-json\/wp\/v2\/pages\/448\/revisions\/482"}],"wp:attachment":[{"href":"https:\/\/www.ifmpan.poznan.pl\/krysztalki2023\/wp-json\/wp\/v2\/media?parent=448"}],"curies":[{"name":"wp","href":"https:\/\/api.w.org\/{rel}","templated":true}]}}