{"id":1059,"date":"2025-09-16T08:10:24","date_gmt":"2025-09-16T07:10:24","guid":{"rendered":"https:\/\/www.ifmpan.poznan.pl\/nocnaukowcow\/?page_id=1059"},"modified":"2025-09-25T16:09:00","modified_gmt":"2025-09-25T15:09:00","slug":"noc-naukowcow-2025","status":"publish","type":"page","link":"https:\/\/www.ifmpan.poznan.pl\/nocnaukowcow\/noc-naukowcow-2025\/","title":{"rendered":"Noc Naukowc\u00f3w 2025"},"content":{"rendered":"\n<p class=\"has-text-align-center\"><a href=\"https:\/\/www.ifmpan.poznan.pl\/nocnaukowcow\/wp-content\/uploads\/2025\/09\/Folder-NN2025-v09.pdf\">Program wydarze\u0144 Nocy Naukowc\u00f3w organizowanych przez Instytut Fizyki Molekularnej PAN<\/a><\/p>\n\n\n\n<p class=\"has-text-align-center\"><a href=\"https:\/\/www.ifmpan.poznan.pl\/nocnaukowcow\/wp-content\/uploads\/2025\/09\/2025_PlakatA3-v5.pdf\">Plakat Nocy Naukowc\u00f3w organizowanej przez Instytut Fizyki Molekularnej PAN<\/a><\/p>\n\n\n\n<figure class=\"wp-block-image size-large\"><img loading=\"lazy\" decoding=\"async\" width=\"1024\" height=\"549\" src=\"https:\/\/www.ifmpan.poznan.pl\/nocnaukowcow\/wp-content\/uploads\/2025\/09\/baner_plakat_2025-1024x549.png\" alt=\"\" class=\"wp-image-1067\" srcset=\"https:\/\/www.ifmpan.poznan.pl\/nocnaukowcow\/wp-content\/uploads\/2025\/09\/baner_plakat_2025-1024x549.png 1024w, https:\/\/www.ifmpan.poznan.pl\/nocnaukowcow\/wp-content\/uploads\/2025\/09\/baner_plakat_2025-300x161.png 300w, https:\/\/www.ifmpan.poznan.pl\/nocnaukowcow\/wp-content\/uploads\/2025\/09\/baner_plakat_2025-768x411.png 768w, https:\/\/www.ifmpan.poznan.pl\/nocnaukowcow\/wp-content\/uploads\/2025\/09\/baner_plakat_2025-1536x823.png 1536w, https:\/\/www.ifmpan.poznan.pl\/nocnaukowcow\/wp-content\/uploads\/2025\/09\/baner_plakat_2025.png 1613w\" sizes=\"auto, (max-width: 1024px) 100vw, 1024px\" \/><\/figure>\n\n\n\n<p class=\"has-text-align-center\">Chcesz si\u0119 dowiedzie\u0107 w jaki spos\u00f3b mo\u017cesz zarejestrowa\u0107 si\u0119 na niesamowit\u0105 <strong>Noc Naukowc\u00f3w 2025<\/strong> ? Je\u015bli tak, to obejrzyj poni\u017cszy film, w kt\u00f3rym wszystko jest krok po kroku wyt\u0142umaczone. <br><strong>Zapraszamy<\/strong> !!<\/p>\n\n\n\n<figure class=\"wp-block-video\"><video height=\"1080\" style=\"aspect-ratio: 1920 \/ 1080;\" width=\"1920\" controls src=\"https:\/\/www.ifmpan.poznan.pl\/nocnaukowcow\/wp-content\/uploads\/2025\/09\/nn25_registration.mp4\"><\/video><\/figure>\n","protected":false},"excerpt":{"rendered":"<p>Program wydarze\u0144 Nocy Naukowc\u00f3w organizowanych przez Instytut Fizyki Molekularnej PAN Plakat Nocy Naukowc\u00f3w organizowanej przez Instytut Fizyki Molekularnej PAN Chcesz si\u0119 dowiedzie\u0107 w jaki spos\u00f3b mo\u017cesz zarejestrowa\u0107 si\u0119 na niesamowit\u0105 Noc Naukowc\u00f3w 2025 ? Je\u015bli tak, to obejrzyj poni\u017cszy film, w kt\u00f3rym wszystko jest krok po kroku wyt\u0142umaczone. Zapraszamy !!<\/p>\n","protected":false},"author":4,"featured_media":0,"parent":0,"menu_order":0,"comment_status":"closed","ping_status":"closed","template":"","meta":{"ngg_post_thumbnail":0,"footnotes":""},"class_list":["post-1059","page","type-page","status-publish","hentry"],"_links":{"self":[{"href":"https:\/\/www.ifmpan.poznan.pl\/nocnaukowcow\/wp-json\/wp\/v2\/pages\/1059","targetHints":{"allow":["GET"]}}],"collection":[{"href":"https:\/\/www.ifmpan.poznan.pl\/nocnaukowcow\/wp-json\/wp\/v2\/pages"}],"about":[{"href":"https:\/\/www.ifmpan.poznan.pl\/nocnaukowcow\/wp-json\/wp\/v2\/types\/page"}],"author":[{"embeddable":true,"href":"https:\/\/www.ifmpan.poznan.pl\/nocnaukowcow\/wp-json\/wp\/v2\/users\/4"}],"replies":[{"embeddable":true,"href":"https:\/\/www.ifmpan.poznan.pl\/nocnaukowcow\/wp-json\/wp\/v2\/comments?post=1059"}],"version-history":[{"count":9,"href":"https:\/\/www.ifmpan.poznan.pl\/nocnaukowcow\/wp-json\/wp\/v2\/pages\/1059\/revisions"}],"predecessor-version":[{"id":1094,"href":"https:\/\/www.ifmpan.poznan.pl\/nocnaukowcow\/wp-json\/wp\/v2\/pages\/1059\/revisions\/1094"}],"wp:attachment":[{"href":"https:\/\/www.ifmpan.poznan.pl\/nocnaukowcow\/wp-json\/wp\/v2\/media?parent=1059"}],"curies":[{"name":"wp","href":"https:\/\/api.w.org\/{rel}","templated":true}]}}