{"id":16,"date":"2022-08-23T11:40:23","date_gmt":"2022-08-23T10:40:23","guid":{"rendered":"https:\/\/www.ifmpan.poznan.pl\/nn\/?page_id=16"},"modified":"2022-10-11T10:16:11","modified_gmt":"2022-10-11T09:16:11","slug":"noc-naukowcow-2022","status":"publish","type":"page","link":"https:\/\/www.ifmpan.poznan.pl\/nocnaukowcow\/noc-naukowcow-2022\/","title":{"rendered":"Noc Naukowc\u00f3w 2022"},"content":{"rendered":"\n<p class=\"has-text-align-center has-large-font-size\"><a href=\"https:\/\/www.poznan.nocnaukowcow.pl\/2022\/\">Noc Naukowc\u00f3w w Poznaniu &#8211; STUDIO ONLINE<\/a><\/p>\n\n\n\n<hr class=\"wp-block-separator has-alpha-channel-opacity is-style-wide\"\/>\n\n\n\n<h3 class=\"wp-block-heading\">W labiryncie fizyki (on-line):<\/h3>\n\n\n\n<h4 class=\"has-x-large-font-size wp-block-heading\">Pop\u0142yn\u0105\u0107 z pr\u0105dem<\/h4>\n\n\n\n<p>Film edukacyjny przedstawia zagadnienia zwi\u0105zane z powstawaniem pr\u0105du elektrycznego.<\/p>\n\n\n\n<p><em>dr hab. Adam Rachocki, dr in\u017c. Magdalena Knapkiewicz<\/em><\/p>\n\n\n\n<figure class=\"wp-block-embed is-type-video is-provider-youtube wp-block-embed-youtube wp-embed-aspect-16-9 wp-has-aspect-ratio\"><div class=\"wp-block-embed__wrapper\">\n<iframe loading=\"lazy\" title=\"Noc Naukowc\u00f3w 2022 w IFM PAN - Pop\u0142yn\u0105\u0107 z pr\u0105dem\" width=\"500\" height=\"281\" src=\"https:\/\/www.youtube.com\/embed\/fHn9RqIqvJk?feature=oembed\" frameborder=\"0\" allow=\"accelerometer; autoplay; clipboard-write; encrypted-media; gyroscope; picture-in-picture; web-share\" referrerpolicy=\"strict-origin-when-cross-origin\" allowfullscreen><\/iframe>\n<\/div><\/figure>\n\n\n\n<h4 class=\"wp-block-heading\">Auksetyki &#8211; materia\u0142y przysz\u0142o\u015bci<\/h4>\n\n\n\n<p>Prezentacja przedstawia zagadnienia zwi\u0105zane z tematyk\u0105 odkszta\u0142cania si\u0119 r\u00f3\u017cnych materia\u0142\u00f3w znajduj\u0105cych si\u0119 pod dzia\u0142aniem si\u0142 zewn\u0119trznych. Film przedstawia r\u00f3wnie\u017c materia\u0142y o niecodziennych w\u0142asno\u015bciach spr\u0119\u017cystych. Auksetyki, jak przyj\u0119\u0142o si\u0119 je nazywa\u0107, cechuj\u0105 si\u0119 niezwyk\u0142ym zachowaniem gdy zostan\u0105 poddane napr\u0119\u017ceniom (np. rozci\u0105ganiu).<\/p>\n\n\n\n<p><em>dr in\u017c. Jakub Narojczyk<\/em><\/p>\n\n\n\n<figure class=\"wp-block-embed is-type-video is-provider-youtube wp-block-embed-youtube wp-embed-aspect-16-9 wp-has-aspect-ratio\"><div class=\"wp-block-embed__wrapper\">\n<iframe loading=\"lazy\" title=\"Noc Naukowc\u00f3w 2022 w IFM PAN - Od kwazicz\u0105stek do topologicznychkomputer\u00f3w kwantowych\" src=\"https:\/\/www.youtube.com\/embed\/reVbH9DbYlE?feature=oembed\" allow=\"accelerometer; autoplay; clipboard-write; encrypted-media; gyroscope; picture-in-picture\" allowfullscreen=\"\" width=\"500\" height=\"281\" frameborder=\"0\"><\/iframe>\n<\/div><\/figure>\n\n\n\n<h4 class=\"wp-block-heading\">Od kwazicz\u0105stek do topologicznych komputer\u00f3w kwantowych<\/h4>\n\n\n\n<p>Kwazicz\u0105stki: czym s\u0105? Jakie jest ich zastosowanie w fizyce? Czy zrewolucjonizuj\u0105 komputery kwantowe? Odpowiedzi na te i wiele innych pyta\u0144 znajdziecie w naszym wyk\u0142adzie.<\/p>\n\n\n\n<p><em>dr hab. Grzegorz Micha\u0142ek, dr in\u017c. Damian Krychowski<\/em><\/p>\n\n\n\n<figure class=\"wp-block-embed is-type-video is-provider-youtube wp-block-embed-youtube wp-embed-aspect-16-9 wp-has-aspect-ratio\"><div class=\"wp-block-embed__wrapper\">\n<iframe loading=\"lazy\" title=\"Noc Naukowc\u00f3w 2022 w IFM PAN - Od kwazicz\u0105stek do topologicznych komputer\u00f3w kwantowych\" width=\"500\" height=\"281\" src=\"https:\/\/www.youtube.com\/embed\/TdkD2JgUTRU?feature=oembed\" frameborder=\"0\" allow=\"accelerometer; autoplay; clipboard-write; encrypted-media; gyroscope; picture-in-picture; web-share\" referrerpolicy=\"strict-origin-when-cross-origin\" allowfullscreen><\/iframe>\n<\/div><\/figure>\n\n\n\n<h4 class=\"wp-block-heading\">Jajkonauta<\/h4>\n\n\n\n<p>Jak bezpiecznie dostarczy\u0107 sond\u0119 czy \u0142azika na powierzchni\u0119 innej planety? To powa\u017cne wyzwanie konstruktorskie, kt\u00f3re stoi przed in\u017cynierami agencji kosmicznych. Mo\u017cecie wcieli\u0107 si\u0119 w ich rol\u0119 i samodzielnie zaprojektowa\u0107 system, kt\u00f3ry zapewni bezpieczne l\u0105dowanie \u0142azika, kt\u00f3rym b\u0119dzie jajko zrzucone z mostu.<\/p>\n\n\n\n<p><em>dr in\u017c. \u0141ukasz Lindner<\/em><\/p>\n\n\n\n<figure class=\"wp-block-embed is-type-video is-provider-youtube wp-block-embed-youtube wp-embed-aspect-16-9 wp-has-aspect-ratio\"><div class=\"wp-block-embed__wrapper\">\n<iframe loading=\"lazy\" title=\"Noc Naukowc\u00f3w 2022 w IFM PAN - Jajkonauta\" width=\"500\" height=\"281\" src=\"https:\/\/www.youtube.com\/embed\/plCZlPI8OIY?feature=oembed\" frameborder=\"0\" allow=\"accelerometer; autoplay; clipboard-write; encrypted-media; gyroscope; picture-in-picture; web-share\" referrerpolicy=\"strict-origin-when-cross-origin\" allowfullscreen><\/iframe>\n<\/div><\/figure>\n\n\n\n<hr class=\"wp-block-separator has-alpha-channel-opacity is-style-wide\"\/>\n\n\n\n<p class=\"has-text-align-center has-large-font-size\"><a href=\"https:\/\/www.ifmpan.poznan.pl\/nocnaukowcow\/wp-content\/uploads\/2022\/09\/Folder-NN2022_last.pdf\" data-type=\"URL\" data-id=\"https:\/\/www.ifmpan.poznan.pl\/nocnaukowcow\/wp-content\/uploads\/2022\/09\/Folder-NN2022_last.pdf\">Plan wydarze\u0144 Nocy Naukowc\u00f3w organizowanych przez Instytut Fizyki Molekularnej PAN<\/a><\/p>\n\n\n\n<figure class=\"wp-block-image aligncenter size-full\"><a href=\"https:\/\/www.ifmpan.poznan.pl\/nocnaukowcow\/wp-content\/uploads\/2022\/09\/Folder-NN2022_last.pdf\"><img loading=\"lazy\" decoding=\"async\" width=\"645\" height=\"910\" src=\"https:\/\/www.ifmpan.poznan.pl\/nocnaukowcow\/wp-content\/uploads\/2022\/09\/program_folder.png\" alt=\"\" class=\"wp-image-276\" srcset=\"https:\/\/www.ifmpan.poznan.pl\/nocnaukowcow\/wp-content\/uploads\/2022\/09\/program_folder.png 645w, https:\/\/www.ifmpan.poznan.pl\/nocnaukowcow\/wp-content\/uploads\/2022\/09\/program_folder-213x300.png 213w\" sizes=\"auto, (max-width: 645px) 100vw, 645px\" \/><\/a><\/figure>\n\n\n\n<p class=\"has-text-align-center has-large-font-size\"><a href=\"https:\/\/www.poznan.nocnaukowcow.pl\/\">Strona Nocy Naukowc\u00f3w w Poznaniu &#8211; Aktualno\u015bci<\/a><\/p>\n\n\n\n<p class=\"has-text-align-center has-large-font-size\"><a href=\"https:\/\/www.poznan.nocnaukowcow.pl\/program\/\">Strona Nocy Naukowc\u00f3w w Poznaniu &#8211; Program<\/a><\/p>\n\n\n\n<p class=\"has-text-align-center has-large-font-size\"><a href=\"https:\/\/mojekonto.poznan.nocnaukowcow.pl\/\" data-type=\"URL\" data-id=\"https:\/\/mojekonto.poznan.nocnaukowcow.pl\/\">Rejestracja na Noc Naukowc\u00f3w IFM PAN &#8222;W Labiryncie Fizyki&#8221;<\/a><\/p>\n","protected":false},"excerpt":{"rendered":"<p>Noc Naukowc\u00f3w w Poznaniu &#8211; STUDIO ONLINE W labiryncie fizyki (on-line): Pop\u0142yn\u0105\u0107 z pr\u0105dem Film edukacyjny przedstawia zagadnienia zwi\u0105zane z powstawaniem pr\u0105du elektrycznego. dr hab. Adam Rachocki, dr in\u017c. Magdalena Knapkiewicz Auksetyki &#8211; materia\u0142y przysz\u0142o\u015bci Prezentacja przedstawia zagadnienia zwi\u0105zane z tematyk\u0105 odkszta\u0142cania si\u0119 r\u00f3\u017cnych materia\u0142\u00f3w znajduj\u0105cych si\u0119 pod dzia\u0142aniem si\u0142 zewn\u0119trznych. Film przedstawia r\u00f3wnie\u017c materia\u0142y [&hellip;]<\/p>\n","protected":false},"author":2,"featured_media":0,"parent":0,"menu_order":0,"comment_status":"closed","ping_status":"closed","template":"","meta":{"ngg_post_thumbnail":0,"footnotes":""},"class_list":["post-16","page","type-page","status-publish","hentry"],"_links":{"self":[{"href":"https:\/\/www.ifmpan.poznan.pl\/nocnaukowcow\/wp-json\/wp\/v2\/pages\/16","targetHints":{"allow":["GET"]}}],"collection":[{"href":"https:\/\/www.ifmpan.poznan.pl\/nocnaukowcow\/wp-json\/wp\/v2\/pages"}],"about":[{"href":"https:\/\/www.ifmpan.poznan.pl\/nocnaukowcow\/wp-json\/wp\/v2\/types\/page"}],"author":[{"embeddable":true,"href":"https:\/\/www.ifmpan.poznan.pl\/nocnaukowcow\/wp-json\/wp\/v2\/users\/2"}],"replies":[{"embeddable":true,"href":"https:\/\/www.ifmpan.poznan.pl\/nocnaukowcow\/wp-json\/wp\/v2\/comments?post=16"}],"version-history":[{"count":35,"href":"https:\/\/www.ifmpan.poznan.pl\/nocnaukowcow\/wp-json\/wp\/v2\/pages\/16\/revisions"}],"predecessor-version":[{"id":358,"href":"https:\/\/www.ifmpan.poznan.pl\/nocnaukowcow\/wp-json\/wp\/v2\/pages\/16\/revisions\/358"}],"wp:attachment":[{"href":"https:\/\/www.ifmpan.poznan.pl\/nocnaukowcow\/wp-json\/wp\/v2\/media?parent=16"}],"curies":[{"name":"wp","href":"https:\/\/api.w.org\/{rel}","templated":true}]}}