{"id":3,"date":"2022-08-09T06:16:43","date_gmt":"2022-08-09T06:16:43","guid":{"rendered":"https:\/\/www.ifmpan.poznan.pl\/lzh\/?page_id=3"},"modified":"2022-09-16T17:00:12","modified_gmt":"2022-09-16T16:00:12","slug":"privacy-policy","status":"publish","type":"page","link":"https:\/\/www.ifmpan.poznan.pl\/nocnaukowcow\/privacy-policy\/","title":{"rendered":"Polityka prywatno\u015bci"},"content":{"rendered":"\n<h3 class=\"wp-block-heading\">Polityka prywatno\u015bci:<\/h3>\n\n\n\n<p>Instytut Fizyki Molekularnej Polskiej Akademii Nauk z siedzib\u0105 przy ul. Smoluchowskiego 17 w Poznaniu, przestrzega zasad prywatno\u015bci os\u00f3b fizycznych korzystaj\u0105cych ze strony internetowej dzia\u0142aj\u0105cej pod adresem www.ifmpan.poznan.pl\/nocnaukowcow<\/p>\n\n\n\n<h3 class=\"wp-block-heading\">Kto jest administratorem danych osobowych?<\/h3>\n\n\n\n<p>Administratorem danych osobowych jest Instytut Fizyki Molekularnej Polskiej Akademii Nauk, ul. Mariana Smoluchowskiego 17, 60-179 Pozna\u0144<\/p>\n\n\n\n<p>Kontakt do Inspektora Ochrony Danych: <a href=\"mailto:iod@ifmpan.poznan.pl\">iod@ifmpan.poznan.pl<\/a><\/p>\n\n\n\n<h3 class=\"wp-block-heading\">Jakie dane osobowe zbieramy?<\/h3>\n\n\n\n<p><strong>Dane zbierane automatycznie<\/strong><\/p>\n\n\n\n<ul class=\"wp-block-list\"><li>Podczas wizyty na naszej stronie internetowej, automatycznie zbierane s\u0105 dane odwiedzaj\u0105cego dotycz\u0105ce adresu IP, nazwy domeny, typu u\u017cywanej przegl\u0105darki, systemu operacyjnego itp.<\/li><\/ul>\n\n\n\n<h3 class=\"wp-block-heading\">Wykorzystanie ciasteczek (&#8222;cookies&#8221;)<\/h3>\n\n\n\n<p>Nasza strona internetowa wykorzystuje ciasteczka. Wi\u0119cej informacji o naszej polityce dotycz\u0105cej ciasteczek znajdziesz na stronie: <a href=\"https:\/\/www.ifmpan.poznan.pl\/nocnaukowcow\/cookies.html\">Informacje o ciasteczkach<\/a><\/p>\n\n\n\n<h3 class=\"wp-block-heading\">W jaki spos\u00f3b zabezpieczamy zebrane dane?<\/h3>\n\n\n\n<p>Nasze bazy danych zabezpieczone s\u0105 przed wgl\u0105dem os\u00f3b trzecich.<\/p>\n\n\n\n<h3 class=\"wp-block-heading\">Zmiany naszej polityki prywatno\u015bci.<\/h3>\n\n\n\n<p>Zastrzegamy sobie prawo zmiany powy\u017cszej polityki prywatno\u015bci poprzez opublikowanie nowej polityki prywatno\u015bci na tej stronie. Nowa polityka prywatno\u015bci wchodzi w \u017cycie wraz z jej opublikowaniem.<\/p>\n\n\n\n<h3 class=\"wp-block-heading\">Kontakt<\/h3>\n\n\n\n<p>Dane zbierane s\u0105 przez Instytut Fizyki Molekularnej Polskiej Akademii Nauk z siedzib\u0105 przy ul. Smoluchowskiego 17 w Poznaniu.<\/p>\n\n\n\n<p>W razie dodatkowych pyta\u0144 dotycz\u0105cych ochrony prywatno\u015bci, prosimy o kontakt mailowy: <a href=\"mailto:webmaster@ifmpan.poznan.pl\">webmaster@ifmpan.poznan.pl<\/a>.<\/p>\n\n\n\n<p><\/p>\n","protected":false},"excerpt":{"rendered":"<p>Polityka prywatno\u015bci: Instytut Fizyki Molekularnej Polskiej Akademii Nauk z siedzib\u0105 przy ul. Smoluchowskiego 17 w Poznaniu, przestrzega zasad prywatno\u015bci os\u00f3b fizycznych korzystaj\u0105cych ze strony internetowej dzia\u0142aj\u0105cej pod adresem www.ifmpan.poznan.pl\/nocnaukowcow Kto jest administratorem danych osobowych? Administratorem danych osobowych jest Instytut Fizyki Molekularnej Polskiej Akademii Nauk, ul. Mariana Smoluchowskiego 17, 60-179 Pozna\u0144 Kontakt do Inspektora Ochrony Danych: [&hellip;]<\/p>\n","protected":false},"author":2,"featured_media":0,"parent":0,"menu_order":0,"comment_status":"closed","ping_status":"open","template":"","meta":{"ngg_post_thumbnail":0,"footnotes":""},"class_list":["post-3","page","type-page","status-publish","hentry"],"_links":{"self":[{"href":"https:\/\/www.ifmpan.poznan.pl\/nocnaukowcow\/wp-json\/wp\/v2\/pages\/3","targetHints":{"allow":["GET"]}}],"collection":[{"href":"https:\/\/www.ifmpan.poznan.pl\/nocnaukowcow\/wp-json\/wp\/v2\/pages"}],"about":[{"href":"https:\/\/www.ifmpan.poznan.pl\/nocnaukowcow\/wp-json\/wp\/v2\/types\/page"}],"author":[{"embeddable":true,"href":"https:\/\/www.ifmpan.poznan.pl\/nocnaukowcow\/wp-json\/wp\/v2\/users\/2"}],"replies":[{"embeddable":true,"href":"https:\/\/www.ifmpan.poznan.pl\/nocnaukowcow\/wp-json\/wp\/v2\/comments?post=3"}],"version-history":[{"count":3,"href":"https:\/\/www.ifmpan.poznan.pl\/nocnaukowcow\/wp-json\/wp\/v2\/pages\/3\/revisions"}],"predecessor-version":[{"id":293,"href":"https:\/\/www.ifmpan.poznan.pl\/nocnaukowcow\/wp-json\/wp\/v2\/pages\/3\/revisions\/293"}],"wp:attachment":[{"href":"https:\/\/www.ifmpan.poznan.pl\/nocnaukowcow\/wp-json\/wp\/v2\/media?parent=3"}],"curies":[{"name":"wp","href":"https:\/\/api.w.org\/{rel}","templated":true}]}}