{"id":65,"date":"2022-08-24T20:31:20","date_gmt":"2022-08-24T19:31:20","guid":{"rendered":"https:\/\/www.ifmpan.poznan.pl\/nn\/?page_id=65"},"modified":"2025-09-16T08:09:29","modified_gmt":"2025-09-16T07:09:29","slug":"archiwum","status":"publish","type":"page","link":"https:\/\/www.ifmpan.poznan.pl\/nocnaukowcow\/archiwum\/","title":{"rendered":"Archiwum"},"content":{"rendered":"\n<p class=\"has-text-align-center has-medium-font-size\">Zobacz wyk\u0142ady z wcze\u015bniejszych edycji Nocy Naukowc\u00f3w w Instytucie Fizyki Molekularnej PAN<\/p>\n\n\n\n<ul class=\"wp-block-list\">\n<li><a href=\"https:\/\/www.ifmpan.poznan.pl\/nocnaukowcow\/noc-naukowcow-2024\/\" data-type=\"link\" data-id=\"https:\/\/www.ifmpan.poznan.pl\/nocnaukowcow\/noc-naukowcow-2024\/\">Noc Naukowc\u00f3w 2024<\/a><\/li>\n\n\n\n<li><a href=\"https:\/\/www.ifmpan.poznan.pl\/nocnaukowcow\/noc-naukowcow-2023\/\" data-type=\"page\" data-id=\"454\">Noc Naukowc\u00f3w 2023<\/a><\/li>\n\n\n\n<li><a href=\"https:\/\/www.ifmpan.poznan.pl\/nocnaukowcow\/noc-naukowcow-2022\/\" data-type=\"page\" data-id=\"16\">Noc Naukowc\u00f3w 2022<\/a><\/li>\n\n\n\n<li><a href=\"https:\/\/www.ifmpan.poznan.pl\/nocnaukowcow\/noc-naukowcow-2021\/\" data-type=\"page\" data-id=\"424\">Noc Naukowc\u00f3w 2021<\/a><\/li>\n\n\n\n<li><a href=\"https:\/\/www.ifmpan.poznan.pl\/nocnaukowcow\/noc-naukowcow-2020\/\" data-type=\"page\" data-id=\"429\">Noc Naukowc\u00f3w 2020<\/a><\/li>\n<\/ul>\n\n\n\n<p><\/p>\n","protected":false},"excerpt":{"rendered":"<p>Zobacz wyk\u0142ady z wcze\u015bniejszych edycji Nocy Naukowc\u00f3w w Instytucie Fizyki Molekularnej PAN<\/p>\n","protected":false},"author":2,"featured_media":0,"parent":0,"menu_order":0,"comment_status":"closed","ping_status":"closed","template":"","meta":{"ngg_post_thumbnail":0,"footnotes":""},"class_list":["post-65","page","type-page","status-publish","hentry"],"_links":{"self":[{"href":"https:\/\/www.ifmpan.poznan.pl\/nocnaukowcow\/wp-json\/wp\/v2\/pages\/65","targetHints":{"allow":["GET"]}}],"collection":[{"href":"https:\/\/www.ifmpan.poznan.pl\/nocnaukowcow\/wp-json\/wp\/v2\/pages"}],"about":[{"href":"https:\/\/www.ifmpan.poznan.pl\/nocnaukowcow\/wp-json\/wp\/v2\/types\/page"}],"author":[{"embeddable":true,"href":"https:\/\/www.ifmpan.poznan.pl\/nocnaukowcow\/wp-json\/wp\/v2\/users\/2"}],"replies":[{"embeddable":true,"href":"https:\/\/www.ifmpan.poznan.pl\/nocnaukowcow\/wp-json\/wp\/v2\/comments?post=65"}],"version-history":[{"count":12,"href":"https:\/\/www.ifmpan.poznan.pl\/nocnaukowcow\/wp-json\/wp\/v2\/pages\/65\/revisions"}],"predecessor-version":[{"id":1058,"href":"https:\/\/www.ifmpan.poznan.pl\/nocnaukowcow\/wp-json\/wp\/v2\/pages\/65\/revisions\/1058"}],"wp:attachment":[{"href":"https:\/\/www.ifmpan.poznan.pl\/nocnaukowcow\/wp-json\/wp\/v2\/media?parent=65"}],"curies":[{"name":"wp","href":"https:\/\/api.w.org\/{rel}","templated":true}]}}