{"id":788,"date":"2024-08-20T09:21:25","date_gmt":"2024-08-20T08:21:25","guid":{"rendered":"https:\/\/www.ifmpan.poznan.pl\/nocnaukowcow\/?page_id=788"},"modified":"2024-10-15T07:58:10","modified_gmt":"2024-10-15T06:58:10","slug":"noc-naukowcow-2024","status":"publish","type":"page","link":"https:\/\/www.ifmpan.poznan.pl\/nocnaukowcow\/noc-naukowcow-2024\/","title":{"rendered":"Noc Naukowc\u00f3w 2024"},"content":{"rendered":"\n<p><a href=\"https:\/\/www.ifmpan.poznan.pl\/nocnaukowcow\/wp-content\/uploads\/2024\/10\/Folder-NN2024-www.pdf\">Program wydarze\u0144 Nocy Naukowc\u00f3w organizowanych przez Instytut Fizyki Molekularnej PAN<\/a><\/p>\n\n\n\n<p><a href=\"https:\/\/www.ifmpan.poznan.pl\/nocnaukowcow\/wp-content\/uploads\/2024\/09\/Plakat-NN24-IFM-PAN.pdf\">Plakat Nocy Naukowc\u00f3w organizowanej przez Instytut Fizyki Molekularnej PAN<\/a><\/p>\n\n\n\n<p><a href=\"\/nocnaukowcow\/wp-content\/uploads\/2024\/09\/NN2024-program-aktualizacja-2024-09-11.pdf\">Program wydarze\u0144 Nocy Naukowc\u00f3w w Wielkopolsce<\/a><\/p>\n\n\n\n<figure class=\"wp-block-image size-full\"><img loading=\"lazy\" decoding=\"async\" width=\"850\" height=\"455\" src=\"https:\/\/www.ifmpan.poznan.pl\/nocnaukowcow\/wp-content\/uploads\/2024\/09\/NN-2024-IFM-PAN.png\" alt=\"Noc Naukowc\u00f3w w Instytucie Fizyki Molekularnej Polskiej Akademii Nauk - W labiryncie fizyki\" class=\"wp-image-820\" srcset=\"https:\/\/www.ifmpan.poznan.pl\/nocnaukowcow\/wp-content\/uploads\/2024\/09\/NN-2024-IFM-PAN.png 850w, https:\/\/www.ifmpan.poznan.pl\/nocnaukowcow\/wp-content\/uploads\/2024\/09\/NN-2024-IFM-PAN-300x161.png 300w, https:\/\/www.ifmpan.poznan.pl\/nocnaukowcow\/wp-content\/uploads\/2024\/09\/NN-2024-IFM-PAN-768x411.png 768w\" sizes=\"auto, (max-width: 850px) 100vw, 850px\" \/><\/figure>\n","protected":false},"excerpt":{"rendered":"<p>Program wydarze\u0144 Nocy Naukowc\u00f3w organizowanych przez Instytut Fizyki Molekularnej PAN Plakat Nocy Naukowc\u00f3w organizowanej przez Instytut Fizyki Molekularnej PAN Program wydarze\u0144 Nocy Naukowc\u00f3w w Wielkopolsce<\/p>\n","protected":false},"author":2,"featured_media":0,"parent":0,"menu_order":0,"comment_status":"closed","ping_status":"closed","template":"","meta":{"ngg_post_thumbnail":0,"footnotes":""},"class_list":["post-788","page","type-page","status-publish","hentry"],"_links":{"self":[{"href":"https:\/\/www.ifmpan.poznan.pl\/nocnaukowcow\/wp-json\/wp\/v2\/pages\/788","targetHints":{"allow":["GET"]}}],"collection":[{"href":"https:\/\/www.ifmpan.poznan.pl\/nocnaukowcow\/wp-json\/wp\/v2\/pages"}],"about":[{"href":"https:\/\/www.ifmpan.poznan.pl\/nocnaukowcow\/wp-json\/wp\/v2\/types\/page"}],"author":[{"embeddable":true,"href":"https:\/\/www.ifmpan.poznan.pl\/nocnaukowcow\/wp-json\/wp\/v2\/users\/2"}],"replies":[{"embeddable":true,"href":"https:\/\/www.ifmpan.poznan.pl\/nocnaukowcow\/wp-json\/wp\/v2\/comments?post=788"}],"version-history":[{"count":7,"href":"https:\/\/www.ifmpan.poznan.pl\/nocnaukowcow\/wp-json\/wp\/v2\/pages\/788\/revisions"}],"predecessor-version":[{"id":1050,"href":"https:\/\/www.ifmpan.poznan.pl\/nocnaukowcow\/wp-json\/wp\/v2\/pages\/788\/revisions\/1050"}],"wp:attachment":[{"href":"https:\/\/www.ifmpan.poznan.pl\/nocnaukowcow\/wp-json\/wp\/v2\/media?parent=788"}],"curies":[{"name":"wp","href":"https:\/\/api.w.org\/{rel}","templated":true}]}}